{"id":930,"date":"2022-02-14T19:56:10","date_gmt":"2022-02-14T18:56:10","guid":{"rendered":"https:\/\/www.vitiligoliecba.sk\/use-of-cookies\/"},"modified":"2024-04-07T20:37:21","modified_gmt":"2024-04-07T18:37:21","slug":"use-of-cookies","status":"publish","type":"page","link":"https:\/\/www.vitiligoliecba.sk\/en\/use-of-cookies\/","title":{"rendered":"Use of cookies"},"content":{"rendered":"\t\t<div data-elementor-type=\"wp-post\" data-elementor-id=\"930\" class=\"elementor elementor-930 elementor-54\" data-elementor-post-type=\"page\">\n\t\t\t\t\t\t<section class=\"elementor-section elementor-top-section elementor-element elementor-element-555d9e5 elementor-section-height-min-height elementor-section-content-middle elementor-section-boxed elementor-section-height-default elementor-section-items-middle\" data-id=\"555d9e5\" data-element_type=\"section\" data-settings=\"{&quot;background_background&quot;:&quot;classic&quot;}\">\n\t\t\t\t\t\t\t<div class=\"elementor-background-overlay\"><\/div>\n\t\t\t\t\t\t\t<div class=\"elementor-container elementor-column-gap-default\">\n\t\t\t\t\t<div class=\"elementor-column elementor-col-100 elementor-top-column elementor-element elementor-element-c471048\" data-id=\"c471048\" data-element_type=\"column\">\n\t\t\t<div class=\"elementor-widget-wrap elementor-element-populated\">\n\t\t\t\t\t\t<div class=\"elementor-element elementor-element-52c6438 elementor-widget elementor-widget-spacer\" data-id=\"52c6438\" data-element_type=\"widget\" data-widget_type=\"spacer.default\">\n\t\t\t\t<div class=\"elementor-widget-container\">\n\t\t\t\t\t<div class=\"elementor-spacer\">\n\t\t\t<div class=\"elementor-spacer-inner\"><\/div>\n\t\t<\/div>\n\t\t\t\t<\/div>\n\t\t\t\t<\/div>\n\t\t\t\t<div class=\"elementor-element elementor-element-ec560cf elementor-widget elementor-widget-heading\" data-id=\"ec560cf\" data-element_type=\"widget\" data-widget_type=\"heading.default\">\n\t\t\t\t<div class=\"elementor-widget-container\">\n\t\t\t<h1 class=\"elementor-heading-title elementor-size-default\">Use of cookies<\/h1>\t\t<\/div>\n\t\t\t\t<\/div>\n\t\t\t\t\t<\/div>\n\t\t<\/div>\n\t\t\t\t\t<\/div>\n\t\t<\/section>\n\t\t\t\t<section class=\"elementor-section elementor-top-section elementor-element elementor-element-7711da09 elementor-section-boxed elementor-section-height-default elementor-section-height-default\" data-id=\"7711da09\" data-element_type=\"section\">\n\t\t\t\t\t\t<div class=\"elementor-container elementor-column-gap-default\">\n\t\t\t\t\t<div class=\"elementor-column elementor-col-100 elementor-top-column elementor-element elementor-element-366fd1e\" data-id=\"366fd1e\" data-element_type=\"column\">\n\t\t\t<div class=\"elementor-widget-wrap elementor-element-populated\">\n\t\t\t\t\t\t<div class=\"elementor-element elementor-element-f580c62 elementor-widget elementor-widget-spacer\" data-id=\"f580c62\" data-element_type=\"widget\" data-widget_type=\"spacer.default\">\n\t\t\t\t<div class=\"elementor-widget-container\">\n\t\t\t\t\t<div class=\"elementor-spacer\">\n\t\t\t<div class=\"elementor-spacer-inner\"><\/div>\n\t\t<\/div>\n\t\t\t\t<\/div>\n\t\t\t\t<\/div>\n\t\t\t\t<div class=\"elementor-element elementor-element-5e903318 elementor-widget elementor-widget-text-editor\" data-id=\"5e903318\" data-element_type=\"widget\" data-widget_type=\"text-editor.default\">\n\t\t\t\t<div class=\"elementor-widget-container\">\n\t\t\t\t\t\t\t<p>This policy contains information about how the person operating the site (hereinafter referred to as the &#8220;Operator&#8221;) uses cookies and similar technologies (hereinafter referred to as &#8220;cookies&#8221;).<\/p>\n\t\t\t\t\t\t<\/div>\n\t\t\t\t<\/div>\n\t\t\t\t<div class=\"elementor-element elementor-element-9fa745d elementor-widget elementor-widget-heading\" data-id=\"9fa745d\" data-element_type=\"widget\" data-widget_type=\"heading.default\">\n\t\t\t\t<div class=\"elementor-widget-container\">\n\t\t\t<h2 class=\"elementor-heading-title elementor-size-default\">What are cookies?<\/h2>\t\t<\/div>\n\t\t\t\t<\/div>\n\t\t\t\t<div class=\"elementor-element elementor-element-53b9e417 elementor-widget elementor-widget-text-editor\" data-id=\"53b9e417\" data-element_type=\"widget\" data-widget_type=\"text-editor.default\">\n\t\t\t\t<div class=\"elementor-widget-container\">\n\t\t\t\t\t\t\t<p>Cookies are small text files that can be sent to the browser when visiting websites and stored on your device (computer or other device with Internet access, such as a smartphone or tablet). Cookies are stored in the file folder of your browser. Cookies usually contain the name of the website from which they originate, validity and value. The next time you visit the page, the web browser reloads the cookie files and sends this information back to the website that originally created the cookies. The cookies we use do not damage your computer or device.<\/p>\n\t\t\t\t\t\t<\/div>\n\t\t\t\t<\/div>\n\t\t\t\t<div class=\"elementor-element elementor-element-2b8a5428 elementor-widget elementor-widget-heading\" data-id=\"2b8a5428\" data-element_type=\"widget\" data-widget_type=\"heading.default\">\n\t\t\t\t<div class=\"elementor-widget-container\">\n\t\t\t<h2 class=\"elementor-heading-title elementor-size-default\">Why do we use cookies?<\/h2>\t\t<\/div>\n\t\t\t\t<\/div>\n\t\t\t\t<div class=\"elementor-element elementor-element-d895c32 elementor-widget elementor-widget-text-editor\" data-id=\"d895c32\" data-element_type=\"widget\" data-widget_type=\"text-editor.default\">\n\t\t\t\t<div class=\"elementor-widget-container\">\n\t\t\t\t\t\t\t<p>We use cookies in order to optimally create and constantly improve our services, adapt them to your interests and needs and improve their structure and content. Temporary and permanent cookies can be used on www.vitiligoliecba.sk. Temporary ones are stored on your device until you leave the site. Permanent cookies remain on your device until they expire or are manually deleted. The time during which we keep the information depends on the type of cookies.<\/p>\n\t\t\t\t\t\t<\/div>\n\t\t\t\t<\/div>\n\t\t\t\t<div class=\"elementor-element elementor-element-8fbe329 elementor-widget elementor-widget-heading\" data-id=\"8fbe329\" data-element_type=\"widget\" data-widget_type=\"heading.default\">\n\t\t\t\t<div class=\"elementor-widget-container\">\n\t\t\t<h2 class=\"elementor-heading-title elementor-size-default\">We use several types of cookies on our website:<\/h2>\t\t<\/div>\n\t\t\t\t<\/div>\n\t\t\t\t<div class=\"elementor-element elementor-element-7e686750 elementor-widget elementor-widget-heading\" data-id=\"7e686750\" data-element_type=\"widget\" data-widget_type=\"heading.default\">\n\t\t\t\t<div class=\"elementor-widget-container\">\n\t\t\t<h3 class=\"elementor-heading-title elementor-size-default\">Necessary (functional) cookies<\/h3>\t\t<\/div>\n\t\t\t\t<\/div>\n\t\t\t\t<div class=\"elementor-element elementor-element-70610cef elementor-widget elementor-widget-text-editor\" data-id=\"70610cef\" data-element_type=\"widget\" data-widget_type=\"text-editor.default\">\n\t\t\t\t<div class=\"elementor-widget-container\">\n\t\t\t\t\t\t\t<p>These cookies form the basis for the operation of our website and enable the use of basic functions. Without the use of these cookies, it would not be possible to provide the services that form the basis of our website, as some functions of our website would not be displayed correctly.<\/p>\n<\/p>\n<p>In accordance with the applicable legislation, the Operator is authorized to store functional cookie files on your device even without your consent. You can disable the use of functional cookies through your browser settings. In this case, however, some functions of the website will not be displayed correctly.<\/p>\n\t\t\t\t\t\t<\/div>\n\t\t\t\t<\/div>\n\t\t\t\t<div class=\"elementor-element elementor-element-63d39f2a elementor-widget elementor-widget-heading\" data-id=\"63d39f2a\" data-element_type=\"widget\" data-widget_type=\"heading.default\">\n\t\t\t\t<div class=\"elementor-widget-container\">\n\t\t\t<h3 class=\"elementor-heading-title elementor-size-default\">Analytical cookies<\/h3>\t\t<\/div>\n\t\t\t\t<\/div>\n\t\t\t\t<div class=\"elementor-element elementor-element-4e8e5a7d elementor-widget elementor-widget-text-editor\" data-id=\"4e8e5a7d\" data-element_type=\"widget\" data-widget_type=\"text-editor.default\">\n\t\t\t\t<div class=\"elementor-widget-container\">\n\t\t\t\t\t\t\t<p>Using analytical cookies, we collect statistical information about how you use our website. These cookies serve us to analyze and improve our website in terms of content, performance, design, and also to measure traffic to our website.<\/p>\n\t\t\t\t\t\t<\/div>\n\t\t\t\t<\/div>\n\t\t\t\t<div class=\"elementor-element elementor-element-5fdddffe elementor-widget elementor-widget-heading\" data-id=\"5fdddffe\" data-element_type=\"widget\" data-widget_type=\"heading.default\">\n\t\t\t\t<div class=\"elementor-widget-container\">\n\t\t\t<h3 class=\"elementor-heading-title elementor-size-default\">Marketing cookies<\/h3>\t\t<\/div>\n\t\t\t\t<\/div>\n\t\t\t\t<div class=\"elementor-element elementor-element-482b012c elementor-widget elementor-widget-text-editor\" data-id=\"482b012c\" data-element_type=\"widget\" data-widget_type=\"text-editor.default\">\n\t\t\t\t<div class=\"elementor-widget-container\">\n\t\t\t\t\t\t\t<p>Marketing cookies are used to display online advertising in web browsers according to the recorded preferences of website visitors in the online environment.<\/p>\n\t\t\t\t\t\t<\/div>\n\t\t\t\t<\/div>\n\t\t\t\t<div class=\"elementor-element elementor-element-4a4607cf elementor-widget elementor-widget-text-editor\" data-id=\"4a4607cf\" data-element_type=\"widget\" data-widget_type=\"text-editor.default\">\n\t\t\t\t<div class=\"elementor-widget-container\">\n\t\t\t\t\t\t\t<p>Analytical, marketing cookie files are stored on your device only if you give us your consent to their use via the cookies bar located at the bottom of our website, or by using the button in the next paragraph.<\/p>\n\t\t\t\t\t\t<\/div>\n\t\t\t\t<\/div>\n\t\t\t\t<div class=\"elementor-element elementor-element-75279ffb elementor-widget elementor-widget-heading\" data-id=\"75279ffb\" data-element_type=\"widget\" data-widget_type=\"heading.default\">\n\t\t\t\t<div class=\"elementor-widget-container\">\n\t\t\t<h2 class=\"elementor-heading-title elementor-size-default\">How can you change cookie settings?<\/h2>\t\t<\/div>\n\t\t\t\t<\/div>\n\t\t\t\t<div class=\"elementor-element elementor-element-734f6fc0 elementor-widget elementor-widget-text-editor\" data-id=\"734f6fc0\" data-element_type=\"widget\" data-widget_type=\"text-editor.default\">\n\t\t\t\t<div class=\"elementor-widget-container\">\n\t\t\t\t\t\t\t<p>You can revoke or change your consent to the storage of cookies on your device at any time in the cookie settings of your web browser.<\/p>\n\t\t\t\t\t\t<\/div>\n\t\t\t\t<\/div>\n\t\t\t\t<div class=\"elementor-element elementor-element-59b9e072 elementor-align-left elementor-mobile-align-center elementor-widget elementor-widget-button\" data-id=\"59b9e072\" data-element_type=\"widget\" data-widget_type=\"button.default\">\n\t\t\t\t<div class=\"elementor-widget-container\">\n\t\t\t\t\t<div class=\"elementor-button-wrapper\">\n\t\t\t<a class=\"elementor-button elementor-button-link elementor-size-md elementor-animation-shrink\" href=\"#gdpr_cookie_modal\">\n\t\t\t\t\t\t<span class=\"elementor-button-content-wrapper\">\n\t\t\t\t\t\t<span class=\"elementor-button-text\">Cookie settings<\/span>\n\t\t<\/span>\n\t\t\t\t\t<\/a>\n\t\t<\/div>\n\t\t\t\t<\/div>\n\t\t\t\t<\/div>\n\t\t\t\t<div class=\"elementor-element elementor-element-4e182f78 elementor-widget elementor-widget-heading\" data-id=\"4e182f78\" data-element_type=\"widget\" data-widget_type=\"heading.default\">\n\t\t\t\t<div class=\"elementor-widget-container\">\n\t\t\t<h2 class=\"elementor-heading-title elementor-size-default\">Validity<\/h2>\t\t<\/div>\n\t\t\t\t<\/div>\n\t\t\t\t<div class=\"elementor-element elementor-element-3689263a elementor-widget elementor-widget-text-editor\" data-id=\"3689263a\" data-element_type=\"widget\" data-widget_type=\"text-editor.default\">\n\t\t\t\t<div class=\"elementor-widget-container\">\n\t\t\t\t\t\t\t<p>This updated policy on the use of cookies on our website is valid and effective from 1 February 2022. The operator is authorized to update and change this policy on the use of cookies.<\/p>\n\t\t\t\t\t\t<\/div>\n\t\t\t\t<\/div>\n\t\t\t\t<div class=\"elementor-element elementor-element-6a1b2dfd elementor-widget elementor-widget-heading\" data-id=\"6a1b2dfd\" data-element_type=\"widget\" data-widget_type=\"heading.default\">\n\t\t\t\t<div class=\"elementor-widget-container\">\n\t\t\t<h2 class=\"elementor-heading-title elementor-size-default\">List of cookies used on the website www.vitiligoliecba.sk<\/h2>\t\t<\/div>\n\t\t\t\t<\/div>\n\t\t\t\t<div class=\"elementor-element elementor-element-ee66ba6 elementor-widget elementor-widget-text-editor\" data-id=\"ee66ba6\" data-element_type=\"widget\" data-widget_type=\"text-editor.default\">\n\t\t\t\t<div class=\"elementor-widget-container\">\n\t\t\t\t\t\t\t<p>Category: Essential (1)<\/p>\n<table>\n<tbody>\n<tr>\n<td width=\"142\">\n<p><strong>COOKIE NAME<\/strong><\/p>\n<\/td>\n<td width=\"90\">\n<p><strong>PROVIDER<\/strong><\/p>\n<\/td>\n<td width=\"44\">\n<p><strong>TYPE<\/strong><\/p>\n<\/td>\n<td width=\"66\">\n<p><strong>EXPIRES<\/strong><\/p>\n<\/td>\n<td width=\"73\">\n<p><strong>SENT TO<\/strong><\/p>\n<\/td>\n<td width=\"189\">\n<p><strong>DESCRIPTION<\/strong><\/p>\n<\/td>\n<\/tr>\n<tr>\n<td width=\"142\"> <\/td>\n<td width=\"90\"> <\/td>\n<td width=\"44\"> <\/td>\n<td width=\"66\"> <\/td>\n<td width=\"73\"> <\/td>\n<td width=\"189\"> <\/td>\n<\/tr>\n<tr>\n<td width=\"142\">\n<p>elementor<\/p>\n<\/td>\n<td width=\"90\">\n<p>vitiligoliecba.sk<\/p>\n<\/td>\n<td width=\"44\">\n<p>HTML<\/p>\n<\/td>\n<td width=\"66\">\n<p>Permanent<\/p>\n<\/td>\n<td width=\"73\">\n<p>Slovakia<\/p>\n<\/td>\n<td width=\"189\">\n<p>Used in context with a Word Press website theme. The cookie allows the owner of the website to implement or change the content of the website in real time.<\/p>\n<\/td>\n<\/tr>\n<tr>\n<td width=\"142\"> <\/td>\n<td width=\"90\"> <\/td>\n<td width=\"44\"> <\/td>\n<td width=\"66\"> <\/td>\n<td width=\"73\"> <\/td>\n<td width=\"189\"> <\/td>\n<\/tr>\n<\/tbody>\n<\/table>\n\t\t\t\t\t\t<\/div>\n\t\t\t\t<\/div>\n\t\t\t\t\t<\/div>\n\t\t<\/div>\n\t\t\t\t\t<\/div>\n\t\t<\/section>\n\t\t\t\t<\/div>\n\t\t","protected":false},"excerpt":{"rendered":"<p>Use of cookies This policy contains information about how the person operating the site (hereinafter referred to as the &#8220;Operator&#8221;) uses cookies and similar technologies (hereinafter referred to as &#8220;cookies&#8221;). What are cookies? Cookies are small text files that can be sent to the browser when visiting websites and stored on your device (computer or [&hellip;]<\/p>\n","protected":false},"author":3,"featured_media":0,"parent":0,"menu_order":0,"comment_status":"closed","ping_status":"closed","template":"elementor_header_footer","meta":{"footnotes":""},"yoast_head":"<!-- This site is optimized with the Yoast SEO plugin v22.4 - https:\/\/yoast.com\/wordpress\/plugins\/seo\/ -->\n<title>Use of cookies - Estetick\u00e9 \u0161t\u00fadio<\/title>\n<meta name=\"description\" content=\"Read how we use cookies\" \/>\n<meta name=\"robots\" content=\"index, follow, max-snippet:-1, max-image-preview:large, max-video-preview:-1\" \/>\n<link rel=\"canonical\" href=\"https:\/\/www.vitiligoliecba.sk\/en\/use-of-cookies\/\" \/>\n<meta property=\"og:locale\" content=\"en_US\" \/>\n<meta property=\"og:type\" content=\"article\" \/>\n<meta property=\"og:title\" content=\"Use of cookies - Estetick\u00e9 \u0161t\u00fadio\" \/>\n<meta property=\"og:description\" content=\"Read how we use cookies\" \/>\n<meta property=\"og:url\" content=\"https:\/\/www.vitiligoliecba.sk\/en\/use-of-cookies\/\" \/>\n<meta property=\"og:site_name\" content=\"Estetick\u00e9 \u0161t\u00fadio\" \/>\n<meta property=\"article:modified_time\" content=\"2024-04-07T18:37:21+00:00\" \/>\n<meta name=\"twitter:card\" content=\"summary_large_image\" \/>\n<meta name=\"twitter:label1\" content=\"Est. reading time\" \/>\n\t<meta name=\"twitter:data1\" content=\"3 minutes\" \/>\n<script type=\"application\/ld+json\" class=\"yoast-schema-graph\">{\"@context\":\"https:\/\/schema.org\",\"@graph\":[{\"@type\":\"WebPage\",\"@id\":\"https:\/\/www.vitiligoliecba.sk\/en\/use-of-cookies\/\",\"url\":\"https:\/\/www.vitiligoliecba.sk\/en\/use-of-cookies\/\",\"name\":\"Use of cookies - Estetick\u00e9 \u0161t\u00fadio\",\"isPartOf\":{\"@id\":\"https:\/\/www.vitiligoliecba.sk\/#website\"},\"datePublished\":\"2022-02-14T18:56:10+00:00\",\"dateModified\":\"2024-04-07T18:37:21+00:00\",\"description\":\"Read how we use cookies\",\"breadcrumb\":{\"@id\":\"https:\/\/www.vitiligoliecba.sk\/en\/use-of-cookies\/#breadcrumb\"},\"inLanguage\":\"en-US\",\"potentialAction\":[{\"@type\":\"ReadAction\",\"target\":[\"https:\/\/www.vitiligoliecba.sk\/en\/use-of-cookies\/\"]}]},{\"@type\":\"BreadcrumbList\",\"@id\":\"https:\/\/www.vitiligoliecba.sk\/en\/use-of-cookies\/#breadcrumb\",\"itemListElement\":[{\"@type\":\"ListItem\",\"position\":1,\"name\":\"Home\",\"item\":\"https:\/\/www.vitiligoliecba.sk\/en\/\"},{\"@type\":\"ListItem\",\"position\":2,\"name\":\"Use of cookies\"}]},{\"@type\":\"WebSite\",\"@id\":\"https:\/\/www.vitiligoliecba.sk\/#website\",\"url\":\"https:\/\/www.vitiligoliecba.sk\/\",\"name\":\"Estetick\u00e9 \u0161t\u00fadio\",\"description\":\"\",\"potentialAction\":[{\"@type\":\"SearchAction\",\"target\":{\"@type\":\"EntryPoint\",\"urlTemplate\":\"https:\/\/www.vitiligoliecba.sk\/?s={search_term_string}\"},\"query-input\":\"required name=search_term_string\"}],\"inLanguage\":\"en-US\"}]}<\/script>\n<!-- \/ Yoast SEO plugin. -->","yoast_head_json":{"title":"Use of cookies - Estetick\u00e9 \u0161t\u00fadio","description":"Read how we use cookies","robots":{"index":"index","follow":"follow","max-snippet":"max-snippet:-1","max-image-preview":"max-image-preview:large","max-video-preview":"max-video-preview:-1"},"canonical":"https:\/\/www.vitiligoliecba.sk\/en\/use-of-cookies\/","og_locale":"en_US","og_type":"article","og_title":"Use of cookies - Estetick\u00e9 \u0161t\u00fadio","og_description":"Read how we use cookies","og_url":"https:\/\/www.vitiligoliecba.sk\/en\/use-of-cookies\/","og_site_name":"Estetick\u00e9 \u0161t\u00fadio","article_modified_time":"2024-04-07T18:37:21+00:00","twitter_card":"summary_large_image","twitter_misc":{"Est. reading time":"3 minutes"},"schema":{"@context":"https:\/\/schema.org","@graph":[{"@type":"WebPage","@id":"https:\/\/www.vitiligoliecba.sk\/en\/use-of-cookies\/","url":"https:\/\/www.vitiligoliecba.sk\/en\/use-of-cookies\/","name":"Use of cookies - Estetick\u00e9 \u0161t\u00fadio","isPartOf":{"@id":"https:\/\/www.vitiligoliecba.sk\/#website"},"datePublished":"2022-02-14T18:56:10+00:00","dateModified":"2024-04-07T18:37:21+00:00","description":"Read how we use cookies","breadcrumb":{"@id":"https:\/\/www.vitiligoliecba.sk\/en\/use-of-cookies\/#breadcrumb"},"inLanguage":"en-US","potentialAction":[{"@type":"ReadAction","target":["https:\/\/www.vitiligoliecba.sk\/en\/use-of-cookies\/"]}]},{"@type":"BreadcrumbList","@id":"https:\/\/www.vitiligoliecba.sk\/en\/use-of-cookies\/#breadcrumb","itemListElement":[{"@type":"ListItem","position":1,"name":"Home","item":"https:\/\/www.vitiligoliecba.sk\/en\/"},{"@type":"ListItem","position":2,"name":"Use of cookies"}]},{"@type":"WebSite","@id":"https:\/\/www.vitiligoliecba.sk\/#website","url":"https:\/\/www.vitiligoliecba.sk\/","name":"Estetick\u00e9 \u0161t\u00fadio","description":"","potentialAction":[{"@type":"SearchAction","target":{"@type":"EntryPoint","urlTemplate":"https:\/\/www.vitiligoliecba.sk\/?s={search_term_string}"},"query-input":"required name=search_term_string"}],"inLanguage":"en-US"}]}},"_links":{"self":[{"href":"https:\/\/www.vitiligoliecba.sk\/en\/wp-json\/wp\/v2\/pages\/930"}],"collection":[{"href":"https:\/\/www.vitiligoliecba.sk\/en\/wp-json\/wp\/v2\/pages"}],"about":[{"href":"https:\/\/www.vitiligoliecba.sk\/en\/wp-json\/wp\/v2\/types\/page"}],"author":[{"embeddable":true,"href":"https:\/\/www.vitiligoliecba.sk\/en\/wp-json\/wp\/v2\/users\/3"}],"replies":[{"embeddable":true,"href":"https:\/\/www.vitiligoliecba.sk\/en\/wp-json\/wp\/v2\/comments?post=930"}],"version-history":[{"count":3,"href":"https:\/\/www.vitiligoliecba.sk\/en\/wp-json\/wp\/v2\/pages\/930\/revisions"}],"predecessor-version":[{"id":933,"href":"https:\/\/www.vitiligoliecba.sk\/en\/wp-json\/wp\/v2\/pages\/930\/revisions\/933"}],"wp:attachment":[{"href":"https:\/\/www.vitiligoliecba.sk\/en\/wp-json\/wp\/v2\/media?parent=930"}],"curies":[{"name":"wp","href":"https:\/\/api.w.org\/{rel}","templated":true}]}}