{"id":916,"date":"2024-03-11T15:16:27","date_gmt":"2024-03-11T14:16:27","guid":{"rendered":"https:\/\/www.vitiligoliecba.sk\/dienstleistungen\/"},"modified":"2024-04-09T20:48:51","modified_gmt":"2024-04-09T18:48:51","slug":"dienstleistungen","status":"publish","type":"page","link":"https:\/\/www.vitiligoliecba.sk\/de\/dienstleistungen\/","title":{"rendered":"Dienstleistungen"},"content":{"rendered":"\t\t<div data-elementor-type=\"wp-post\" data-elementor-id=\"916\" class=\"elementor elementor-916 elementor-500\" data-elementor-post-type=\"page\">\n\t\t\t\t\t\t<section class=\"elementor-section elementor-top-section elementor-element elementor-element-3c0fac88 elementor-section-height-min-height elementor-section-content-middle elementor-section-boxed elementor-section-height-default elementor-section-items-middle\" data-id=\"3c0fac88\" data-element_type=\"section\" data-settings=\"{&quot;background_background&quot;:&quot;classic&quot;}\">\n\t\t\t\t\t\t\t<div class=\"elementor-background-overlay\"><\/div>\n\t\t\t\t\t\t\t<div class=\"elementor-container elementor-column-gap-default\">\n\t\t\t\t\t<div class=\"elementor-column elementor-col-100 elementor-top-column elementor-element elementor-element-47d49080\" data-id=\"47d49080\" data-element_type=\"column\">\n\t\t\t<div class=\"elementor-widget-wrap elementor-element-populated\">\n\t\t\t\t\t\t<div class=\"elementor-element elementor-element-12425491 elementor-widget elementor-widget-heading\" data-id=\"12425491\" data-element_type=\"widget\" data-widget_type=\"heading.default\">\n\t\t\t\t<div class=\"elementor-widget-container\">\n\t\t\t<h1 class=\"elementor-heading-title elementor-size-default\">Unsere Dienstleistungen<\/h1>\t\t<\/div>\n\t\t\t\t<\/div>\n\t\t\t\t<div class=\"elementor-element elementor-element-f8e8a25 elementor-widget elementor-widget-spacer\" data-id=\"f8e8a25\" data-element_type=\"widget\" data-widget_type=\"spacer.default\">\n\t\t\t\t<div class=\"elementor-widget-container\">\n\t\t\t\t\t<div class=\"elementor-spacer\">\n\t\t\t<div class=\"elementor-spacer-inner\"><\/div>\n\t\t<\/div>\n\t\t\t\t<\/div>\n\t\t\t\t<\/div>\n\t\t\t\t<section class=\"elementor-section elementor-inner-section elementor-element elementor-element-7a62cb6 elementor-section-boxed elementor-section-height-default elementor-section-height-default\" data-id=\"7a62cb6\" data-element_type=\"section\">\n\t\t\t\t\t\t<div class=\"elementor-container elementor-column-gap-default\">\n\t\t\t\t\t<div class=\"elementor-column elementor-col-33 elementor-inner-column elementor-element elementor-element-bad4ed0\" data-id=\"bad4ed0\" data-element_type=\"column\">\n\t\t\t<div class=\"elementor-widget-wrap elementor-element-populated\">\n\t\t\t\t\t\t<div class=\"elementor-element elementor-element-e5d4d44 elementor-widget__width-auto elementor-widget elementor-widget-button\" data-id=\"e5d4d44\" data-element_type=\"widget\" data-widget_type=\"button.default\">\n\t\t\t\t<div class=\"elementor-widget-container\">\n\t\t\t\t\t<div class=\"elementor-button-wrapper\">\n\t\t\t<a class=\"elementor-button elementor-button-link elementor-size-sm elementor-animation-shrink\" href=\"https:\/\/www.vitiligoliecba.sk\/de\/vitiligo-behandlung\/\">\n\t\t\t\t\t\t<span class=\"elementor-button-content-wrapper\">\n\t\t\t\t\t\t<span class=\"elementor-button-text\">Vitiligo-Behandlung<\/span>\n\t\t<\/span>\n\t\t\t\t\t<\/a>\n\t\t<\/div>\n\t\t\t\t<\/div>\n\t\t\t\t<\/div>\n\t\t\t\t\t<\/div>\n\t\t<\/div>\n\t\t\t\t<div class=\"elementor-column elementor-col-33 elementor-inner-column elementor-element elementor-element-89bd496\" data-id=\"89bd496\" data-element_type=\"column\">\n\t\t\t<div class=\"elementor-widget-wrap elementor-element-populated\">\n\t\t\t\t\t\t<div class=\"elementor-element elementor-element-7043e5a elementor-widget__width-auto elementor-widget elementor-widget-button\" data-id=\"7043e5a\" data-element_type=\"widget\" data-widget_type=\"button.default\">\n\t\t\t\t<div class=\"elementor-widget-container\">\n\t\t\t\t\t<div class=\"elementor-button-wrapper\">\n\t\t\t<a class=\"elementor-button elementor-button-link elementor-size-sm elementor-animation-shrink\" href=\"https:\/\/www.vitiligoliecba.sk\/de\/behandlung-von-psoriasis\/\">\n\t\t\t\t\t\t<span class=\"elementor-button-content-wrapper\">\n\t\t\t\t\t\t<span class=\"elementor-button-text\">Behandlung von Psoriasis<\/span>\n\t\t<\/span>\n\t\t\t\t\t<\/a>\n\t\t<\/div>\n\t\t\t\t<\/div>\n\t\t\t\t<\/div>\n\t\t\t\t\t<\/div>\n\t\t<\/div>\n\t\t\t\t<div class=\"elementor-column elementor-col-33 elementor-inner-column elementor-element elementor-element-39c7158\" data-id=\"39c7158\" data-element_type=\"column\">\n\t\t\t<div class=\"elementor-widget-wrap elementor-element-populated\">\n\t\t\t\t\t\t<div class=\"elementor-element elementor-element-d108ff3 elementor-widget__width-auto elementor-widget elementor-widget-button\" data-id=\"d108ff3\" data-element_type=\"widget\" data-widget_type=\"button.default\">\n\t\t\t\t<div class=\"elementor-widget-container\">\n\t\t\t\t\t<div class=\"elementor-button-wrapper\">\n\t\t\t<a class=\"elementor-button elementor-button-link elementor-size-sm elementor-animation-shrink\" href=\"https:\/\/www.vitiligoliecba.sk\/de\/behandlung-von-uebermaessigem-schwitzen\/\">\n\t\t\t\t\t\t<span class=\"elementor-button-content-wrapper\">\n\t\t\t\t\t\t<span class=\"elementor-button-text\">Starkes Schwitzen<\/span>\n\t\t<\/span>\n\t\t\t\t\t<\/a>\n\t\t<\/div>\n\t\t\t\t<\/div>\n\t\t\t\t<\/div>\n\t\t\t\t\t<\/div>\n\t\t<\/div>\n\t\t\t\t\t<\/div>\n\t\t<\/section>\n\t\t\t\t<section class=\"elementor-section elementor-inner-section elementor-element elementor-element-e77ff38 elementor-section-boxed elementor-section-height-default elementor-section-height-default\" data-id=\"e77ff38\" data-element_type=\"section\">\n\t\t\t\t\t\t<div class=\"elementor-container elementor-column-gap-default\">\n\t\t\t\t\t<div class=\"elementor-column elementor-col-50 elementor-inner-column elementor-element elementor-element-5ce8d7e\" data-id=\"5ce8d7e\" data-element_type=\"column\">\n\t\t\t<div class=\"elementor-widget-wrap elementor-element-populated\">\n\t\t\t\t\t\t<div class=\"elementor-element elementor-element-99b3704 elementor-widget__width-auto elementor-widget elementor-widget-button\" data-id=\"99b3704\" data-element_type=\"widget\" data-widget_type=\"button.default\">\n\t\t\t\t<div class=\"elementor-widget-container\">\n\t\t\t\t\t<div class=\"elementor-button-wrapper\">\n\t\t\t<a class=\"elementor-button elementor-button-link elementor-size-sm elementor-animation-shrink\" href=\"https:\/\/www.vitiligoliecba.sk\/de\/behandlung-von-atopischem-ekzem\/\">\n\t\t\t\t\t\t<span class=\"elementor-button-content-wrapper\">\n\t\t\t\t\t\t<span class=\"elementor-button-text\">Atopisches Ekzem<\/span>\n\t\t<\/span>\n\t\t\t\t\t<\/a>\n\t\t<\/div>\n\t\t\t\t<\/div>\n\t\t\t\t<\/div>\n\t\t\t\t\t<\/div>\n\t\t<\/div>\n\t\t\t\t<div class=\"elementor-column elementor-col-50 elementor-inner-column elementor-element elementor-element-e763484\" data-id=\"e763484\" data-element_type=\"column\">\n\t\t\t<div class=\"elementor-widget-wrap elementor-element-populated\">\n\t\t\t\t\t\t<div class=\"elementor-element elementor-element-2355feb elementor-widget__width-auto elementor-widget elementor-widget-button\" data-id=\"2355feb\" data-element_type=\"widget\" data-widget_type=\"button.default\">\n\t\t\t\t<div class=\"elementor-widget-container\">\n\t\t\t\t\t<div class=\"elementor-button-wrapper\">\n\t\t\t<a class=\"elementor-button elementor-button-link elementor-size-sm elementor-animation-shrink\" href=\"https:\/\/www.vitiligoliecba.sk\/de\/behandlung-von-haarausfall\/\">\n\t\t\t\t\t\t<span class=\"elementor-button-content-wrapper\">\n\t\t\t\t\t\t<span class=\"elementor-button-text\">Haarausfall<\/span>\n\t\t<\/span>\n\t\t\t\t\t<\/a>\n\t\t<\/div>\n\t\t\t\t<\/div>\n\t\t\t\t<\/div>\n\t\t\t\t\t<\/div>\n\t\t<\/div>\n\t\t\t\t\t<\/div>\n\t\t<\/section>\n\t\t\t\t\t<\/div>\n\t\t<\/div>\n\t\t\t\t\t<\/div>\n\t\t<\/section>\n\t\t\t\t<\/div>\n\t\t","protected":false},"excerpt":{"rendered":"<p>Unsere Dienstleistungen Vitiligo-Behandlung Behandlung von Psoriasis Starkes Schwitzen Atopisches Ekzem Haarausfall<\/p>\n","protected":false},"author":3,"featured_media":0,"parent":0,"menu_order":0,"comment_status":"closed","ping_status":"closed","template":"elementor_header_footer","meta":{"footnotes":""},"yoast_head":"<!-- This site is optimized with the Yoast SEO plugin v22.4 - https:\/\/yoast.com\/wordpress\/plugins\/seo\/ -->\n<title>Dienstleistungen - Estetick\u00e9 \u0161t\u00fadio<\/title>\n<meta name=\"description\" content=\"Wir sind die einzigen in der Slowakei, die die Vitiligo-Behandlung mit dem Excimer-Laser XTRAC 308 nm anbieten. In unserem Sch\u00f6nheitsstudio behandeln wir Vitiligo, Psoriasis, \u00fcberm\u00e4\u00dfiges Schwitzen und mehr.\" \/>\n<meta name=\"robots\" content=\"index, follow, max-snippet:-1, max-image-preview:large, max-video-preview:-1\" \/>\n<link rel=\"canonical\" href=\"https:\/\/www.vitiligoliecba.sk\/en\/services\/\" \/>\n<meta property=\"og:locale\" content=\"de_DE\" \/>\n<meta property=\"og:type\" content=\"article\" \/>\n<meta property=\"og:title\" content=\"Dienstleistungen - Estetick\u00e9 \u0161t\u00fadio\" \/>\n<meta property=\"og:description\" content=\"Wir sind die einzigen in der Slowakei, die die Vitiligo-Behandlung mit dem Excimer-Laser XTRAC 308 nm anbieten. In unserem Sch\u00f6nheitsstudio behandeln wir Vitiligo, Psoriasis, \u00fcberm\u00e4\u00dfiges Schwitzen und mehr.\" \/>\n<meta property=\"og:url\" content=\"https:\/\/www.vitiligoliecba.sk\/en\/services\/\" \/>\n<meta property=\"og:site_name\" content=\"Estetick\u00e9 \u0161t\u00fadio\" \/>\n<meta property=\"article:modified_time\" content=\"2024-04-09T18:48:51+00:00\" \/>\n<meta name=\"twitter:card\" content=\"summary_large_image\" \/>\n<meta name=\"twitter:label1\" content=\"Gesch\u00e4tzte Lesezeit\" \/>\n\t<meta name=\"twitter:data1\" content=\"1\u00a0Minute\" \/>\n<script type=\"application\/ld+json\" class=\"yoast-schema-graph\">{\"@context\":\"https:\/\/schema.org\",\"@graph\":[{\"@type\":\"WebPage\",\"@id\":\"https:\/\/www.vitiligoliecba.sk\/en\/services\/\",\"url\":\"https:\/\/www.vitiligoliecba.sk\/en\/services\/\",\"name\":\"Dienstleistungen - Estetick\u00e9 \u0161t\u00fadio\",\"isPartOf\":{\"@id\":\"https:\/\/www.vitiligoliecba.sk\/#website\"},\"datePublished\":\"2024-03-11T14:16:27+00:00\",\"dateModified\":\"2024-04-09T18:48:51+00:00\",\"description\":\"Wir sind die einzigen in der Slowakei, die die Vitiligo-Behandlung mit dem Excimer-Laser XTRAC 308 nm anbieten. In unserem Sch\u00f6nheitsstudio behandeln wir Vitiligo, Psoriasis, \u00fcberm\u00e4\u00dfiges Schwitzen und mehr.\",\"breadcrumb\":{\"@id\":\"https:\/\/www.vitiligoliecba.sk\/en\/services\/#breadcrumb\"},\"inLanguage\":\"de\",\"potentialAction\":[{\"@type\":\"ReadAction\",\"target\":[\"https:\/\/www.vitiligoliecba.sk\/en\/services\/\"]}]},{\"@type\":\"BreadcrumbList\",\"@id\":\"https:\/\/www.vitiligoliecba.sk\/en\/services\/#breadcrumb\",\"itemListElement\":[{\"@type\":\"ListItem\",\"position\":1,\"name\":\"Home\",\"item\":\"https:\/\/www.vitiligoliecba.sk\/de\/\"},{\"@type\":\"ListItem\",\"position\":2,\"name\":\"Dienstleistungen\"}]},{\"@type\":\"WebSite\",\"@id\":\"https:\/\/www.vitiligoliecba.sk\/#website\",\"url\":\"https:\/\/www.vitiligoliecba.sk\/\",\"name\":\"Estetick\u00e9 \u0161t\u00fadio\",\"description\":\"\",\"potentialAction\":[{\"@type\":\"SearchAction\",\"target\":{\"@type\":\"EntryPoint\",\"urlTemplate\":\"https:\/\/www.vitiligoliecba.sk\/?s={search_term_string}\"},\"query-input\":\"required name=search_term_string\"}],\"inLanguage\":\"de\"}]}<\/script>\n<!-- \/ Yoast SEO plugin. -->","yoast_head_json":{"title":"Dienstleistungen - Estetick\u00e9 \u0161t\u00fadio","description":"Wir sind die einzigen in der Slowakei, die die Vitiligo-Behandlung mit dem Excimer-Laser XTRAC 308 nm anbieten. In unserem Sch\u00f6nheitsstudio behandeln wir Vitiligo, Psoriasis, \u00fcberm\u00e4\u00dfiges Schwitzen und mehr.","robots":{"index":"index","follow":"follow","max-snippet":"max-snippet:-1","max-image-preview":"max-image-preview:large","max-video-preview":"max-video-preview:-1"},"canonical":"https:\/\/www.vitiligoliecba.sk\/en\/services\/","og_locale":"de_DE","og_type":"article","og_title":"Dienstleistungen - Estetick\u00e9 \u0161t\u00fadio","og_description":"Wir sind die einzigen in der Slowakei, die die Vitiligo-Behandlung mit dem Excimer-Laser XTRAC 308 nm anbieten. In unserem Sch\u00f6nheitsstudio behandeln wir Vitiligo, Psoriasis, \u00fcberm\u00e4\u00dfiges Schwitzen und mehr.","og_url":"https:\/\/www.vitiligoliecba.sk\/en\/services\/","og_site_name":"Estetick\u00e9 \u0161t\u00fadio","article_modified_time":"2024-04-09T18:48:51+00:00","twitter_card":"summary_large_image","twitter_misc":{"Gesch\u00e4tzte Lesezeit":"1\u00a0Minute"},"schema":{"@context":"https:\/\/schema.org","@graph":[{"@type":"WebPage","@id":"https:\/\/www.vitiligoliecba.sk\/en\/services\/","url":"https:\/\/www.vitiligoliecba.sk\/en\/services\/","name":"Dienstleistungen - Estetick\u00e9 \u0161t\u00fadio","isPartOf":{"@id":"https:\/\/www.vitiligoliecba.sk\/#website"},"datePublished":"2024-03-11T14:16:27+00:00","dateModified":"2024-04-09T18:48:51+00:00","description":"Wir sind die einzigen in der Slowakei, die die Vitiligo-Behandlung mit dem Excimer-Laser XTRAC 308 nm anbieten. In unserem Sch\u00f6nheitsstudio behandeln wir Vitiligo, Psoriasis, \u00fcberm\u00e4\u00dfiges Schwitzen und mehr.","breadcrumb":{"@id":"https:\/\/www.vitiligoliecba.sk\/en\/services\/#breadcrumb"},"inLanguage":"de","potentialAction":[{"@type":"ReadAction","target":["https:\/\/www.vitiligoliecba.sk\/en\/services\/"]}]},{"@type":"BreadcrumbList","@id":"https:\/\/www.vitiligoliecba.sk\/en\/services\/#breadcrumb","itemListElement":[{"@type":"ListItem","position":1,"name":"Home","item":"https:\/\/www.vitiligoliecba.sk\/de\/"},{"@type":"ListItem","position":2,"name":"Dienstleistungen"}]},{"@type":"WebSite","@id":"https:\/\/www.vitiligoliecba.sk\/#website","url":"https:\/\/www.vitiligoliecba.sk\/","name":"Estetick\u00e9 \u0161t\u00fadio","description":"","potentialAction":[{"@type":"SearchAction","target":{"@type":"EntryPoint","urlTemplate":"https:\/\/www.vitiligoliecba.sk\/?s={search_term_string}"},"query-input":"required name=search_term_string"}],"inLanguage":"de"}]}},"_links":{"self":[{"href":"https:\/\/www.vitiligoliecba.sk\/de\/wp-json\/wp\/v2\/pages\/916"}],"collection":[{"href":"https:\/\/www.vitiligoliecba.sk\/de\/wp-json\/wp\/v2\/pages"}],"about":[{"href":"https:\/\/www.vitiligoliecba.sk\/de\/wp-json\/wp\/v2\/types\/page"}],"author":[{"embeddable":true,"href":"https:\/\/www.vitiligoliecba.sk\/de\/wp-json\/wp\/v2\/users\/3"}],"replies":[{"embeddable":true,"href":"https:\/\/www.vitiligoliecba.sk\/de\/wp-json\/wp\/v2\/comments?post=916"}],"version-history":[{"count":9,"href":"https:\/\/www.vitiligoliecba.sk\/de\/wp-json\/wp\/v2\/pages\/916\/revisions"}],"predecessor-version":[{"id":978,"href":"https:\/\/www.vitiligoliecba.sk\/de\/wp-json\/wp\/v2\/pages\/916\/revisions\/978"}],"wp:attachment":[{"href":"https:\/\/www.vitiligoliecba.sk\/de\/wp-json\/wp\/v2\/media?parent=916"}],"curies":[{"name":"wp","href":"https:\/\/api.w.org\/{rel}","templated":true}]}}